{"id":54,"date":"2025-08-14T13:59:42","date_gmt":"2025-08-14T10:59:42","guid":{"rendered":"https:\/\/proizmirses.com.tr\/?page_id=54"},"modified":"2026-01-08T18:45:54","modified_gmt":"2026-01-08T15:45:54","slug":"hakkimizda","status":"publish","type":"page","link":"https:\/\/proizmirses.com.tr\/?page_id=54","title":{"rendered":"HAKKIMIZDA"},"content":{"rendered":"<p><!--themify_builder_static--><img decoding=\"async\" src=\"https:\/\/proizmirses.com.tr\/wp-content\/uploads\/2025\/08\/IMG_5268-scaled.jpg\" title=\"IMG_5268\" alt=\"IMG_5268\" srcset=\"https:\/\/proizmirses.com.tr\/wp-content\/uploads\/2025\/08\/IMG_5268-scaled.jpg 2560w, https:\/\/proizmirses.com.tr\/wp-content\/uploads\/2025\/08\/IMG_5268-300x225.jpg 300w, https:\/\/proizmirses.com.tr\/wp-content\/uploads\/2025\/08\/IMG_5268-1024x768.jpg 1024w, https:\/\/proizmirses.com.tr\/wp-content\/uploads\/2025\/08\/IMG_5268-768x576.jpg 768w, https:\/\/proizmirses.com.tr\/wp-content\/uploads\/2025\/08\/IMG_5268-1536x1152.jpg 1536w, https:\/\/proizmirses.com.tr\/wp-content\/uploads\/2025\/08\/IMG_5268-2048x1536.jpg 2048w\" sizes=\"(max-width: 2560px) 100vw, 2560px\" \/><br \/>\n<img decoding=\"async\" src=\"https:\/\/proizmirses.com.tr\/wp-content\/uploads\/2025\/08\/mixer2.jpg\" title=\"mixer2\" alt=\"mixer2\" srcset=\"https:\/\/proizmirses.com.tr\/wp-content\/uploads\/2025\/08\/mixer2.jpg 851w, https:\/\/proizmirses.com.tr\/wp-content\/uploads\/2025\/08\/mixer2-300x210.jpg 300w, https:\/\/proizmirses.com.tr\/wp-content\/uploads\/2025\/08\/mixer2-768x537.jpg 768w\" sizes=\"(max-width: 851px) 100vw, 851px\" \/><\/p>\n<h3>HAKKIMIZDA<\/h3>\n<h2>25+ Y\u0131ll\u0131k deneyim ve tecr\u00fcbe.<\/h2>\n<h3>Ek i\u015fimiz de\u011fil Tek i\u015fimiz.<\/h3>\n<p>\u00a0 \u00a0 \u00a0 \u00a0 Pro Sound ses, \u0131\u015f\u0131k,sahne ve led ekran sistemleri 25 y\u0131ll\u0131k deneyim ile \u0130zmir merkezli Profesyonel ses, sahne, \u0131\u015f\u0131k, truss ve g\u00f6r\u00fcnt\u00fc sistemlerimiz ile teknolojiyi yak\u0131ndan takip ediyor ve t\u00fcm T\u00fcrkiye\u2019ye Ses , I\u015f\u0131k, G\u00f6r\u00fcnt\u00fc ve sahne sistemleri konusunda profesyonel \u00e7\u00f6z\u00fcmler sunuyoruz.<\/p>\n<p>\u00a0 \u00a0 \u00a0 \u00a0 Pro Sound ses, \u0131\u015f\u0131k,sahne ve led ekran sistemleri t\u00fcm sahne altyap\u0131 taleplerine deneyimli ekibimiz ile \u00e7\u00f6z\u00fcm odakl\u0131 sonu\u00e7lar \u00fcretiyoruz.<\/p>\n<p>\u00a0 \u00a0 \u00a0 \u00a0Etkinlik sistemleri konusunda ihtiyac\u0131n\u0131z olan her t\u00fcrl\u00fc teknik alt yap\u0131y\u0131 geni\u015f malzeme yelpazemiz ile arac\u0131s\u0131z olarak sizlere sunuyoruz.<br \/>\u00a0 \u00a0 \u00a0 \u00a0 \u0130zmir\u2019de ses, \u0131\u015f\u0131k, sahne ve led ekran ihtiya\u00e7lar\u0131n\u0131zda vakit kaybetmeksizin bizimle ileti\u015fime ge\u00e7ebilirsiniz.<\/p>\n<p><em ><svg aria-hidden=\"true\"><use href=\"#tf-fas-check\"><\/use><\/svg><\/em> Deneyimli <em ><svg aria-hidden=\"true\"><use href=\"#tf-fas-check\"><\/use><\/svg><\/em> Kurumsal <em ><svg aria-hidden=\"true\"><use href=\"#tf-fas-check\"><\/use><\/svg><\/em> Kaliteli Ekipman<br \/>\n<img loading=\"lazy\" decoding=\"async\" src=\"https:\/\/proizmirses.com.tr\/wp-content\/uploads\/2025\/08\/cardbox_delivery_free_shipment_shipping_icon-65x65.jpg\" width=\"65\" height=\"65\" title=\"\u00dccretsiz Dan\u0131\u015fmanl\u0131k\" alt=\"\u00dccretsiz Dan\u0131\u015fmanl\u0131k\"> <\/p>\n<h3> \u00dccretsiz Dan\u0131\u015fmanl\u0131k <\/h3>\n<p><img loading=\"lazy\" decoding=\"async\" src=\"https:\/\/proizmirses.com.tr\/wp-content\/uploads\/2025\/08\/business_card_cash_credit_money_icon-65x65.jpg\" width=\"65\" height=\"65\" title=\"Uygun fiyatlar\" alt=\"Uygun fiyatlar\"> <\/p>\n<h3> Uygun fiyatlar <\/h3>\n<p><img loading=\"lazy\" decoding=\"async\" src=\"https:\/\/proizmirses.com.tr\/wp-content\/uploads\/2025\/08\/communication_device_headset_icon-65x65.jpg\" width=\"65\" height=\"65\" title=\"Her \u015eey dahil\" alt=\"Her \u015eey dahil\"> <\/p>\n<h3> Her \u015eey dahil <\/h3>\n<h2>Nas\u0131l \u00c7al\u0131\u015f\u0131yoruz<\/h2>\n<p>\u00a0 \u00a0 \u00a0 \u00a0 Kurdu\u011fumuz sistemler ve sahne ekipmanlar\u0131 taraf\u0131m\u0131za ait olup kurulum taraf\u0131m\u0131zca\u00a0 yap\u0131lmaktad\u0131r.\u00a0 % 100 yerli ve milli sermaye\u00a0 ile kurudu\u011fumuz firmam\u0131z ile\u00a0 25 y\u0131l\u0131 a\u015fk\u0131n s\u00fcredir\u00a0 \u0130zmir ve \u00e7evresine hizmet vermekteyiz.<\/p>\n<h2>Pro Sound<\/h2>\n<p><img loading=\"lazy\" decoding=\"async\" src=\"https:\/\/proizmirses.com.tr\/wp-content\/uploads\/2026\/01\/led_ekran-544x274.png\" width=\"544\" height=\"274\" title=\"led_ekran\" alt=\"led_ekran\"><br \/>\n<img decoding=\"async\" src=\"https:\/\/proizmirses.com.tr\/wp-content\/uploads\/2025\/08\/IMG_5271-scaled.jpg\" title=\"IMG_5271\" alt=\"IMG_5271\" srcset=\"https:\/\/proizmirses.com.tr\/wp-content\/uploads\/2025\/08\/IMG_5271-scaled.jpg 2560w, https:\/\/proizmirses.com.tr\/wp-content\/uploads\/2025\/08\/IMG_5271-300x225.jpg 300w, https:\/\/proizmirses.com.tr\/wp-content\/uploads\/2025\/08\/IMG_5271-1024x768.jpg 1024w, https:\/\/proizmirses.com.tr\/wp-content\/uploads\/2025\/08\/IMG_5271-768x576.jpg 768w, https:\/\/proizmirses.com.tr\/wp-content\/uploads\/2025\/08\/IMG_5271-1536x1152.jpg 1536w, https:\/\/proizmirses.com.tr\/wp-content\/uploads\/2025\/08\/IMG_5271-2048x1536.jpg 2048w\" sizes=\"(max-width: 2560px) 100vw, 2560px\" \/><!--\/themify_builder_static--><\/p>\n","protected":false},"excerpt":{"rendered":"<p>HAKKIMIZDA 25+ Y\u0131ll\u0131k deneyim ve tecr\u00fcbe. Ek i\u015fimiz de\u011fil Tek i\u015fimiz. \u00a0 \u00a0 \u00a0 \u00a0 Pro Sound ses, \u0131\u015f\u0131k,sahne ve led ekran sistemleri 25 y\u0131ll\u0131k deneyim ile \u0130zmir merkezli Profesyonel ses, sahne, \u0131\u015f\u0131k, truss ve g\u00f6r\u00fcnt\u00fc sistemlerimiz ile teknolojiyi yak\u0131ndan takip ediyor ve t\u00fcm T\u00fcrkiye\u2019ye Ses , I\u015f\u0131k, G\u00f6r\u00fcnt\u00fc ve sahne sistemleri konusunda profesyonel \u00e7\u00f6z\u00fcmler [&hellip;]<\/p>\n","protected":false},"author":1,"featured_media":0,"parent":0,"menu_order":0,"comment_status":"closed","ping_status":"closed","template":"page-template\/custom-home-page.php","meta":{"om_disable_all_campaigns":false,"_monsterinsights_skip_tracking":false,"_monsterinsights_sitenote_active":false,"_monsterinsights_sitenote_note":"","_monsterinsights_sitenote_category":0,"footnotes":""},"class_list":["post-54","page","type-page","status-publish","hentry"],"aioseo_notices":[],"builder_content":"<img src=\"https:\/\/proizmirses.com.tr\/wp-content\/uploads\/2025\/08\/IMG_5268-scaled.jpg\" title=\"IMG_5268\" alt=\"IMG_5268\" srcset=\"https:\/\/proizmirses.com.tr\/wp-content\/uploads\/2025\/08\/IMG_5268-scaled.jpg 2560w, https:\/\/proizmirses.com.tr\/wp-content\/uploads\/2025\/08\/IMG_5268-300x225.jpg 300w, https:\/\/proizmirses.com.tr\/wp-content\/uploads\/2025\/08\/IMG_5268-1024x768.jpg 1024w, https:\/\/proizmirses.com.tr\/wp-content\/uploads\/2025\/08\/IMG_5268-768x576.jpg 768w, https:\/\/proizmirses.com.tr\/wp-content\/uploads\/2025\/08\/IMG_5268-1536x1152.jpg 1536w, https:\/\/proizmirses.com.tr\/wp-content\/uploads\/2025\/08\/IMG_5268-2048x1536.jpg 2048w\" sizes=\"(max-width: 2560px) 100vw, 2560px\" \/>\n<img src=\"https:\/\/proizmirses.com.tr\/wp-content\/uploads\/2025\/08\/mixer2.jpg\" title=\"mixer2\" alt=\"mixer2\" srcset=\"https:\/\/proizmirses.com.tr\/wp-content\/uploads\/2025\/08\/mixer2.jpg 851w, https:\/\/proizmirses.com.tr\/wp-content\/uploads\/2025\/08\/mixer2-300x210.jpg 300w, https:\/\/proizmirses.com.tr\/wp-content\/uploads\/2025\/08\/mixer2-768x537.jpg 768w\" sizes=\"(max-width: 851px) 100vw, 851px\" \/>\n<h3>HAKKIMIZDA<\/h3>\n<h2>25+ Y\u0131ll\u0131k deneyim ve tecr\u00fcbe.<\/h2>\n<h3>Ek i\u015fimiz de\u011fil Tek i\u015fimiz.<\/h3>\n<p>\u00a0 \u00a0 \u00a0 \u00a0 Pro Sound ses, \u0131\u015f\u0131k,sahne ve led ekran sistemleri 25 y\u0131ll\u0131k deneyim ile \u0130zmir merkezli Profesyonel ses, sahne, \u0131\u015f\u0131k, truss ve g\u00f6r\u00fcnt\u00fc sistemlerimiz ile teknolojiyi yak\u0131ndan takip ediyor ve t\u00fcm T\u00fcrkiye\u2019ye Ses , I\u015f\u0131k, G\u00f6r\u00fcnt\u00fc ve sahne sistemleri konusunda profesyonel \u00e7\u00f6z\u00fcmler sunuyoruz.<\/p> <p>\u00a0 \u00a0 \u00a0 \u00a0 Pro Sound ses, \u0131\u015f\u0131k,sahne ve led ekran sistemleri t\u00fcm sahne altyap\u0131 taleplerine deneyimli ekibimiz ile \u00e7\u00f6z\u00fcm odakl\u0131 sonu\u00e7lar \u00fcretiyoruz.<\/p> <p>\u00a0 \u00a0 \u00a0 \u00a0Etkinlik sistemleri konusunda ihtiyac\u0131n\u0131z olan her t\u00fcrl\u00fc teknik alt yap\u0131y\u0131 geni\u015f malzeme yelpazemiz ile arac\u0131s\u0131z olarak sizlere sunuyoruz.<br>\u00a0 \u00a0 \u00a0 \u00a0 \u0130zmir\u2019de ses, \u0131\u015f\u0131k, sahne ve led ekran ihtiya\u00e7lar\u0131n\u0131zda vakit kaybetmeksizin bizimle ileti\u015fime ge\u00e7ebilirsiniz.<\/p>\n<em ><svg aria-hidden=\"true\"><use href=\"#tf-fas-check\"><\/use><\/svg><\/em> Deneyimli <em ><svg aria-hidden=\"true\"><use href=\"#tf-fas-check\"><\/use><\/svg><\/em> Kurumsal <em ><svg aria-hidden=\"true\"><use href=\"#tf-fas-check\"><\/use><\/svg><\/em> Kaliteli Ekipman\n<img src=\"https:\/\/proizmirses.com.tr\/wp-content\/uploads\/2025\/08\/cardbox_delivery_free_shipment_shipping_icon-65x65.jpg\" width=\"65\" height=\"65\" title=\"\u00dccretsiz Dan\u0131\u015fmanl\u0131k\" alt=\"\u00dccretsiz Dan\u0131\u015fmanl\u0131k\"> <h3> \u00dccretsiz Dan\u0131\u015fmanl\u0131k <\/h3>\n<img src=\"https:\/\/proizmirses.com.tr\/wp-content\/uploads\/2025\/08\/business_card_cash_credit_money_icon-65x65.jpg\" width=\"65\" height=\"65\" title=\"Uygun fiyatlar\" alt=\"Uygun fiyatlar\"> <h3> Uygun fiyatlar <\/h3>\n<img src=\"https:\/\/proizmirses.com.tr\/wp-content\/uploads\/2025\/08\/communication_device_headset_icon-65x65.jpg\" width=\"65\" height=\"65\" title=\"Her \u015eey dahil\" alt=\"Her \u015eey dahil\"> <h3> Her \u015eey dahil <\/h3>\n<h2>Nas\u0131l \u00c7al\u0131\u015f\u0131yoruz<\/h2> <p>\u00a0 \u00a0 \u00a0 \u00a0 Kurdu\u011fumuz sistemler ve sahne ekipmanlar\u0131 taraf\u0131m\u0131za ait olup kurulum taraf\u0131m\u0131zca\u00a0 yap\u0131lmaktad\u0131r.\u00a0 % 100 yerli ve milli sermaye\u00a0 ile kurudu\u011fumuz firmam\u0131z ile\u00a0 25 y\u0131l\u0131 a\u015fk\u0131n s\u00fcredir\u00a0 \u0130zmir ve \u00e7evresine hizmet vermekteyiz.<\/p> <h2>Pro Sound<\/h2>\n<img src=\"https:\/\/proizmirses.com.tr\/wp-content\/uploads\/2026\/01\/led_ekran-544x274.png\" width=\"544\" height=\"274\" title=\"led_ekran\" alt=\"led_ekran\">\n<img src=\"https:\/\/proizmirses.com.tr\/wp-content\/uploads\/2025\/08\/IMG_5271-scaled.jpg\" title=\"IMG_5271\" alt=\"IMG_5271\" srcset=\"https:\/\/proizmirses.com.tr\/wp-content\/uploads\/2025\/08\/IMG_5271-scaled.jpg 2560w, https:\/\/proizmirses.com.tr\/wp-content\/uploads\/2025\/08\/IMG_5271-300x225.jpg 300w, https:\/\/proizmirses.com.tr\/wp-content\/uploads\/2025\/08\/IMG_5271-1024x768.jpg 1024w, https:\/\/proizmirses.com.tr\/wp-content\/uploads\/2025\/08\/IMG_5271-768x576.jpg 768w, https:\/\/proizmirses.com.tr\/wp-content\/uploads\/2025\/08\/IMG_5271-1536x1152.jpg 1536w, https:\/\/proizmirses.com.tr\/wp-content\/uploads\/2025\/08\/IMG_5271-2048x1536.jpg 2048w\" sizes=\"(max-width: 2560px) 100vw, 2560px\" \/>","_links":{"self":[{"href":"https:\/\/proizmirses.com.tr\/index.php?rest_route=\/wp\/v2\/pages\/54","targetHints":{"allow":["GET"]}}],"collection":[{"href":"https:\/\/proizmirses.com.tr\/index.php?rest_route=\/wp\/v2\/pages"}],"about":[{"href":"https:\/\/proizmirses.com.tr\/index.php?rest_route=\/wp\/v2\/types\/page"}],"author":[{"embeddable":true,"href":"https:\/\/proizmirses.com.tr\/index.php?rest_route=\/wp\/v2\/users\/1"}],"replies":[{"embeddable":true,"href":"https:\/\/proizmirses.com.tr\/index.php?rest_route=%2Fwp%2Fv2%2Fcomments&post=54"}],"version-history":[{"count":43,"href":"https:\/\/proizmirses.com.tr\/index.php?rest_route=\/wp\/v2\/pages\/54\/revisions"}],"predecessor-version":[{"id":343,"href":"https:\/\/proizmirses.com.tr\/index.php?rest_route=\/wp\/v2\/pages\/54\/revisions\/343"}],"wp:attachment":[{"href":"https:\/\/proizmirses.com.tr\/index.php?rest_route=%2Fwp%2Fv2%2Fmedia&parent=54"}],"curies":[{"name":"wp","href":"https:\/\/api.w.org\/{rel}","templated":true}]}}