{"id":39,"date":"2025-08-14T13:49:51","date_gmt":"2025-08-14T10:49:51","guid":{"rendered":"https:\/\/proizmirses.com.tr\/?page_id=39"},"modified":"2025-08-31T15:32:23","modified_gmt":"2025-08-31T12:32:23","slug":"iletisim","status":"publish","type":"page","link":"https:\/\/proizmirses.com.tr\/?page_id=39","title":{"rendered":"\u0130LET\u0130\u015e\u0130M"},"content":{"rendered":"<p><!--themify_builder_static--><\/p>\n<h2>Bize yaz\u0131n<\/h2>\n<p>Akl\u0131n\u0131za tak\u0131lan her t\u00fcrl\u00fc sorular\u0131 bize sorun. akl\u0131n\u0131zda kalmas\u0131n sorun yan\u0131tlayal\u0131m&#8230;<\/p>\n<h4>Adres\u00a0<\/h4>\n<p>GAZ\u0130 MAHALLES\u0130 28\/9 SOKAK NO:14 D:12 TURKUAZ APT,<br \/>GAZ\u0130EM\u0130R\/\u0130ZM\u0130R<\/p>\n<h4>Telefon<\/h4>\n<p>0553 351 54 36<\/p>\n<h4>Sosyal Medya<\/h4>\n<p><a href=\"https:\/\/www.instagram.com\/prosound_izmir\/\" rel=\"noopener\" target=\"_blank\"> <em style=\"background-color:#ffffff;color:#000000\"><svg aria-hidden=\"true\"><use href=\"#tf-fab-instagram\"><\/use><\/svg><\/em> <\/a><br \/>\n\n<div class=\"wpcf7 no-js\" id=\"wpcf7-f313-o1\" lang=\"tr-TR\" dir=\"ltr\" data-wpcf7-id=\"313\">\n<div class=\"screen-reader-response\"><p role=\"status\" aria-live=\"polite\" aria-atomic=\"true\"><\/p> <ul><\/ul><\/div>\n<form action=\"\/index.php?rest_route=%2Fwp%2Fv2%2Fpages%2F39#wpcf7-f313-o1\" method=\"post\" class=\"wpcf7-form init\" aria-label=\"\u0130leti\u015fim Formu\" novalidate=\"novalidate\" data-status=\"init\">\n<fieldset class=\"hidden-fields-container\"><input type=\"hidden\" name=\"_wpcf7\" value=\"313\" \/><input type=\"hidden\" name=\"_wpcf7_version\" value=\"6.1.5\" \/><input type=\"hidden\" name=\"_wpcf7_locale\" value=\"tr_TR\" \/><input type=\"hidden\" name=\"_wpcf7_unit_tag\" value=\"wpcf7-f313-o1\" \/><input type=\"hidden\" name=\"_wpcf7_container_post\" value=\"0\" \/><input type=\"hidden\" name=\"_wpcf7_posted_data_hash\" value=\"\" \/>\n<\/fieldset>\n<p><label> Ad\u0131n\u0131z<br \/>\n<span class=\"wpcf7-form-control-wrap\" data-name=\"your-name\"><input size=\"40\" maxlength=\"400\" class=\"wpcf7-form-control wpcf7-text wpcf7-validates-as-required\" autocomplete=\"name\" aria-required=\"true\" aria-invalid=\"false\" value=\"\" type=\"text\" name=\"your-name\" \/><\/span> <\/label>\n<\/p>\n<p><label> Telefon Numaran\u0131z<br \/>\n<span class=\"wpcf7-form-control-wrap\" data-name=\"tel-357\"><input size=\"40\" maxlength=\"14\" minlength=\"10\" class=\"wpcf7-form-control wpcf7-tel wpcf7-validates-as-required wpcf7-text wpcf7-validates-as-tel\" aria-required=\"true\" aria-invalid=\"false\" value=\"\" type=\"tel\" name=\"tel-357\" \/><\/span> <\/label>\n<\/p>\n<p><label> Konu<br \/>\n<span class=\"wpcf7-form-control-wrap\" data-name=\"your-subject\"><input size=\"40\" maxlength=\"400\" class=\"wpcf7-form-control wpcf7-text wpcf7-validates-as-required\" aria-required=\"true\" aria-invalid=\"false\" value=\"\" type=\"text\" name=\"your-subject\" \/><\/span> <\/label>\n<\/p>\n<p><label> \u0130letiniz (tercihe ba\u011fl\u0131)<br \/>\n<span class=\"wpcf7-form-control-wrap\" data-name=\"your-message\"><textarea cols=\"40\" rows=\"10\" maxlength=\"2000\" class=\"wpcf7-form-control wpcf7-textarea\" aria-invalid=\"false\" name=\"your-message\"><\/textarea><\/span> <\/label>\n<\/p>\n<p><input class=\"wpcf7-form-control wpcf7-submit has-spinner\" type=\"submit\" value=\"G\u00f6nder\" \/>\n<\/p><div class=\"wpcf7-response-output\" aria-hidden=\"true\"><\/div>\n<\/form>\n<\/div>\n<!--\/themify_builder_static--><\/p>\n","protected":false},"excerpt":{"rendered":"<p>Bize yaz\u0131n Akl\u0131n\u0131za tak\u0131lan her t\u00fcrl\u00fc sorular\u0131 bize sorun. akl\u0131n\u0131zda kalmas\u0131n sorun yan\u0131tlayal\u0131m&#8230; Adres\u00a0 GAZ\u0130 MAHALLES\u0130 28\/9 SOKAK NO:14 D:12 TURKUAZ APT,GAZ\u0130EM\u0130R\/\u0130ZM\u0130R Telefon 0553 351 54 36 Sosyal Medya<\/p>\n","protected":false},"author":1,"featured_media":0,"parent":0,"menu_order":0,"comment_status":"closed","ping_status":"closed","template":"page-template\/custom-home-page.php","meta":{"om_disable_all_campaigns":false,"_monsterinsights_skip_tracking":false,"_monsterinsights_sitenote_active":false,"_monsterinsights_sitenote_note":"","_monsterinsights_sitenote_category":0,"footnotes":""},"class_list":["post-39","page","type-page","status-publish","hentry"],"aioseo_notices":[],"builder_content":"<h2>Bize yaz\u0131n<\/h2>\n<p>Akl\u0131n\u0131za tak\u0131lan her t\u00fcrl\u00fc sorular\u0131 bize sorun. akl\u0131n\u0131zda kalmas\u0131n sorun yan\u0131tlayal\u0131m...<\/p>\n<h4>Adres\u00a0<\/h4> <p>GAZ\u0130 MAHALLES\u0130 28\/9 SOKAK NO:14 D:12 TURKUAZ APT,<br>GAZ\u0130EM\u0130R\/\u0130ZM\u0130R<\/p>\n\n<h4>Telefon<\/h4> <p>0553 351 54 36<\/p>\n\n<h4>Sosyal Medya<\/h4>\n<a href=\"https:\/\/www.instagram.com\/prosound_izmir\/\" rel=\"noopener\" target=\"_blank\"> <em style=\"background-color:#ffffff;color:#000000\" ><svg aria-hidden=\"true\"><use href=\"#tf-fab-instagram\"><\/use><\/svg><\/em> <\/a>\n[contact-form-7 id=\"49f0c7f\" title=\"form2\"]","_links":{"self":[{"href":"https:\/\/proizmirses.com.tr\/index.php?rest_route=\/wp\/v2\/pages\/39","targetHints":{"allow":["GET"]}}],"collection":[{"href":"https:\/\/proizmirses.com.tr\/index.php?rest_route=\/wp\/v2\/pages"}],"about":[{"href":"https:\/\/proizmirses.com.tr\/index.php?rest_route=\/wp\/v2\/types\/page"}],"author":[{"embeddable":true,"href":"https:\/\/proizmirses.com.tr\/index.php?rest_route=\/wp\/v2\/users\/1"}],"replies":[{"embeddable":true,"href":"https:\/\/proizmirses.com.tr\/index.php?rest_route=%2Fwp%2Fv2%2Fcomments&post=39"}],"version-history":[{"count":16,"href":"https:\/\/proizmirses.com.tr\/index.php?rest_route=\/wp\/v2\/pages\/39\/revisions"}],"predecessor-version":[{"id":315,"href":"https:\/\/proizmirses.com.tr\/index.php?rest_route=\/wp\/v2\/pages\/39\/revisions\/315"}],"wp:attachment":[{"href":"https:\/\/proizmirses.com.tr\/index.php?rest_route=%2Fwp%2Fv2%2Fmedia&parent=39"}],"curies":[{"name":"wp","href":"https:\/\/api.w.org\/{rel}","templated":true}]}}