{"id":20,"date":"2025-08-14T13:35:19","date_gmt":"2025-08-14T10:35:19","guid":{"rendered":"https:\/\/proizmirses.com.tr\/?page_id=20"},"modified":"2025-10-22T10:13:20","modified_gmt":"2025-10-22T07:13:20","slug":"ana-sayfa","status":"publish","type":"page","link":"https:\/\/proizmirses.com.tr\/","title":{"rendered":"ANA SAYFA"},"content":{"rendered":"\n\n\n<!-- wp:themify-builder\/canvas \/-->","protected":false},"excerpt":{"rendered":"","protected":false},"author":1,"featured_media":0,"parent":0,"menu_order":0,"comment_status":"closed","ping_status":"closed","template":"page-template\/custom-home-page.php","meta":{"om_disable_all_campaigns":false,"_monsterinsights_skip_tracking":false,"_monsterinsights_sitenote_active":false,"_monsterinsights_sitenote_note":"","_monsterinsights_sitenote_category":0,"footnotes":""},"class_list":["post-20","page","type-page","status-publish","hentry"],"aioseo_notices":[],"builder_content":"<h2>PROSOUND SES,I\u015eIK,SAHNE, LED EKRAN VE ORGAN\u0130ZASYON<\/h2>\n<p>\u00a0 \u00a0 \u00a0 \u00a0Pro Sound ses, \u0131\u015f\u0131k,sahne ve led ekran sistemleri 25 y\u0131ll\u0131k deneyim ile \u0130zmir merkezli Profesyonel ses, sahne, \u0131\u015f\u0131k, truss ve g\u00f6r\u00fcnt\u00fc sistemlerimiz ile teknolojiyi yak\u0131ndan takip ediyor ve t\u00fcm T\u00fcrkiye\u2019ye Ses , I\u015f\u0131k, G\u00f6r\u00fcnt\u00fc ve sahne sistemleri konusunda profesyonel \u00e7\u00f6z\u00fcmler sunuyoruz.<\/p>\n<a href=\"https:\/\/proizmirses.com.tr\/?page_id=54\" > HAKKIMIZDA <\/a>\n<img src=\"https:\/\/proizmirses.com.tr\/wp-content\/uploads\/2025\/08\/g2-540x680.jpeg\" width=\"540\" height=\"680\" title=\"g2\" alt=\"g2\">\n<h1>Neler Yap\u0131yoruz<\/h1>\n\n<h4>Kendimiz kuruyor\u00a0<\/h4> <p>Yapt\u0131\u011f\u0131m\u0131z b\u00fct\u00fcn i\u015fleri kendi personelimiz ile ger\u00e7ekle\u015ftiriyoruz. Kulland\u0131\u011f\u0131m\u0131z ekipmanlar\u0131n tamam\u0131\u00a0 firmam\u0131za aittir. Bu sayede m\u00fc\u015fteri memnuniyetini\u00a0 en \u00fcst seviyeye \u00e7\u0131kart\u0131yoruz.<\/p> <p>Ek i\u015f olarak de\u011fil tek i\u015fimiz olarak sahne ve ses sitemleri alan\u0131nda \u00e7al\u0131\u015f\u0131yor ve i\u015fmizi sevgi ile yap\u0131yoruz.<\/p> <p>A\u00e7\u0131l\u0131\u015f Organizasyonlar\u0131nda,\u00a0 Konser Organizasyonlar\u0131nda ,\u00a0 event, \u00f6zel g\u00fcnlerde, d\u00fc\u011f\u00fcnlerde, ramazan etkinliklerinde, y\u0131l d\u00f6n\u00fcmlerinde, do\u011fum g\u00fcnlerinde,\u00a0 karaoke partilerinde, d\u00fc\u011f\u00fcn, s\u00fcnnet, ni\u015fan, k\u0131na, a\u00e7\u0131l\u0131\u015f, balo, kokteyl, parti, toplant\u0131, seminer, konferans, miting, bas\u0131n a\u00e7\u0131klamas\u0131, a\u00e7\u0131k hava etkinlikleri, kurumsal etkinlikler, davetler, canl\u0131 m\u00fczik, t\u00f6ren, karnaval, festival, tiyatro, opera-bale gibi etkinliklere \u0130zmir ve cevre illerinde hizmet vermekteyiz.<\/p> <p>Pro sound ailesi olarak\u00a0 bizimle \u00e7al\u0131\u015fan i\u015fletmeler ve organizasyonlarda\u00a0 sonsuz memnuniyeti ilke edinmi\u015f olup, her i\u015fi ilk i\u015fimizmi\u015f gibi g\u00f6r\u00fcp \u00e7al\u0131\u015fmaya devam ediyoruz.<\/p> <p>Ayr\u0131nt\u0131l\u0131 bilgi i\u00e7in Hizmetlerimize bakabilirsiniz...<\/p>\n<a href=\"https:\/\/proizmirses.com.tr\/?page_id=101\" > Ayr\u0131nt\u0131l\u0131 bilgi <\/a>\n<svg> <circle r=\"calc(50% - 1.50px)\" cx=\"50%\" cy=\"50%\" stroke-width=\"3\"\/> <circle r=\"calc(50% - 1.50px)\" cx=\"50%\" cy=\"50%\" stroke=\"#58a1f5\" stroke-width=\"3\" data-progress=\"100\" stroke-dasharray=\"0,10000\"\/> <\/svg> <em style=\"color:#58a1f5\"><svg aria-hidden=\"true\"><use href=\"#tf-fas-landmark\"><\/use><\/svg><\/em> \n <h3> SAHNE Kurulumu <\/h3> <p>Organizasyon, a\u00e7\u0131l\u0131\u015f, defile, lansman, sinema, televizyon, reklam, g\u00f6steri, t\u00f6ren, karnaval, festival, tiyatro, opera-bale, vb. alanlarda\u00a0 sahne kurulumu yapmaktay\u0131z.<\/p>\n<svg> <circle r=\"calc(50% - 1.50px)\" cx=\"50%\" cy=\"50%\" stroke-width=\"3\"\/> <circle r=\"calc(50% - 1.50px)\" cx=\"50%\" cy=\"50%\" stroke=\"#58a1f5\" stroke-width=\"3\" data-progress=\"100\" stroke-dasharray=\"0,10000\"\/> <\/svg> <em style=\"color:#58a1f5\"><svg aria-hidden=\"true\"><use href=\"#tf-ti-volume\"><\/use><\/svg><\/em> \n <h3> SES Sistemleri Kiralama <\/h3> <p>Ses Sistemi olarak line array sistemler kullanmakta olup, bir \u00e7ok etkinlikte ihtiyac\u0131n\u0131z olan ses sistemini en uygun fiyatlarla sizlere kiralamaktay\u0131z.<\/p>\n<svg> <circle r=\"calc(50% - 1.50px)\" cx=\"50%\" cy=\"50%\" stroke-width=\"3\"\/> <circle r=\"calc(50% - 1.50px)\" cx=\"50%\" cy=\"50%\" stroke=\"#58a1f5\" stroke-width=\"3\" data-progress=\"100\" stroke-dasharray=\"0,10000\"\/> <\/svg> <em style=\"color:#58a1f5\"><svg aria-hidden=\"true\"><use href=\"#tf-fas-spinner\"><\/use><\/svg><\/em> \n <h3> I\u015eIK Sistemi <\/h3> <p>Profesyonel \u00a0\u0131\u015f\u0131k sistemi kiralamas\u0131 yaparak, bir \u00e7ok organizasyonda kaliteli \u00a0\u0131\u015f\u0131k sistemleri ile organizasyonunuzun i\u00e7eri\u011fine en uygun \u00e7\u00f6z\u00fcmler sunar.<\/p>\n<svg> <circle r=\"calc(50% - 1.50px)\" cx=\"50%\" cy=\"50%\" stroke-width=\"3\"\/> <circle r=\"calc(50% - 1.50px)\" cx=\"50%\" cy=\"50%\" stroke=\"#58a1f5\" stroke-width=\"3\" data-progress=\"100\" stroke-dasharray=\"0,10000\"\/> <\/svg> <em style=\"color:#58a1f5\"><svg aria-hidden=\"true\"><use href=\"#tf-fas-slash\"><\/use><\/svg><\/em> \n <h3> LAZER Sistemi <\/h3> <p>Lazer \u015fov cihaz\u0131 kiralamalar\u0131n\u0131zda belirlenmi\u015f olan lazer veya lazerler profesyonel teknik ekibimiz taraf\u0131ndan konseptinize uygun olarak kurulum yapmaktay\u0131z<\/p>\n<svg> <circle r=\"calc(50% - 1.50px)\" cx=\"50%\" cy=\"50%\" stroke-width=\"3\"\/> <circle r=\"calc(50% - 1.50px)\" cx=\"50%\" cy=\"50%\" stroke=\"#58a1f5\" stroke-width=\"3\" data-progress=\"100\" stroke-dasharray=\"0,10000\"\/> <\/svg> <em style=\"color:#58a1f5\"><svg aria-hidden=\"true\"><use href=\"#tf-fas-headset\"><\/use><\/svg><\/em> \n <h3> DJ kiralama <\/h3> <p>Profesyonel ekibimizle Dj performans ile her t\u00fcr etkinlik i\u00e7in uygun m\u00fczikler sa\u011flamaktay\u0131z.\u00a0<\/p>\n<svg> <circle r=\"calc(50% - 1.50px)\" cx=\"50%\" cy=\"50%\" stroke-width=\"3\"\/> <circle r=\"calc(50% - 1.50px)\" cx=\"50%\" cy=\"50%\" stroke=\"#58a1f5\" stroke-width=\"3\" data-progress=\"100\" stroke-dasharray=\"0,10000\"\/> <\/svg> <em style=\"color:#58a1f5\"><svg aria-hidden=\"true\"><use href=\"#tf-ti-layout-slider-alt\"><\/use><\/svg><\/em> \n <h3> LED Ekran <\/h3> <p>3.9 pH Outdoor LED ekran modellerimizle gece ve g\u00fcnd\u00fcz ortamlar\u0131nda rahat\u00e7a g\u00f6r\u00fclebilen, iklim \u015fartlar\u0131ndan etkilenmeyen panellerin birle\u015ftirilmesiyle olu\u015fan, ekran kurulumu yapmaktay\u0131z.<\/p>\n<svg> <circle r=\"calc(50% - 1.50px)\" cx=\"50%\" cy=\"50%\" stroke-width=\"3\"\/> <circle r=\"calc(50% - 1.50px)\" cx=\"50%\" cy=\"50%\" stroke=\"#58a1f5\" stroke-width=\"3\" data-progress=\"100\" stroke-dasharray=\"0,10000\"\/> <\/svg> <em style=\"color:#58a1f5\"><svg aria-hidden=\"true\"><use href=\"#tf-fas-users\"><\/use><\/svg><\/em> \n <h3> Okul Mezuniyetleri <\/h3> <p>Y\u0131l sonu okul etkinlikleri, okul mezuniyet programlar\u0131n\u0131z i\u00e7in, masa, sandalye, giri\u015f tag\u2019\u0131, \u00a0ses, \u0131\u015f\u0131k, led ekran ve podyum\u2019da profesyonel \u00e7\u00f6z\u00fcmler sunmaktay\u0131z.<br><br><\/p>\n<svg> <circle r=\"calc(50% - 1.50px)\" cx=\"50%\" cy=\"50%\" stroke-width=\"3\"\/> <circle r=\"calc(50% - 1.50px)\" cx=\"50%\" cy=\"50%\" stroke=\"#58a1f5\" stroke-width=\"3\" data-progress=\"100\" stroke-dasharray=\"0,10000\"\/> <\/svg> <em style=\"color:#58a1f5\"><svg aria-hidden=\"true\"><use href=\"#tf-fas-users\"><\/use><\/svg><\/em> \n <h3> Davet ve A\u00e7\u0131l\u0131\u015flar <\/h3> <p>Davetleriniz i\u00e7in ses ve \u0131\u015f\u0131k sistemleri, led ekran, podyum ile prosound organizasyon \u00a0ile g\u00f6z\u00fcn\u00fcz arkada kalmayacak.<\/p>\n<img src=\"https:\/\/proizmirses.com.tr\/wp-content\/uploads\/2025\/08\/yorum1.jpg\" title=\"yorum1\" alt=\"yorum1\" srcset=\"https:\/\/proizmirses.com.tr\/wp-content\/uploads\/2025\/08\/yorum1.jpg 529w, https:\/\/proizmirses.com.tr\/wp-content\/uploads\/2025\/08\/yorum1-225x300.jpg 225w\" sizes=\"(max-width: 529px) 100vw, 529px\" \/>\n<img src=\"https:\/\/proizmirses.com.tr\/wp-content\/uploads\/2025\/10\/WhatsApp-Image-2025-10-21-at-11.29.55.jpeg\" title=\"WhatsApp Image 2025-10-21 at 11.29.55\" alt=\"WhatsApp Image 2025-10-21 at 11.29.55\" srcset=\"https:\/\/proizmirses.com.tr\/wp-content\/uploads\/2025\/10\/WhatsApp-Image-2025-10-21-at-11.29.55.jpeg 960w, https:\/\/proizmirses.com.tr\/wp-content\/uploads\/2025\/10\/WhatsApp-Image-2025-10-21-at-11.29.55-300x200.jpeg 300w, https:\/\/proizmirses.com.tr\/wp-content\/uploads\/2025\/10\/WhatsApp-Image-2025-10-21-at-11.29.55-768x512.jpeg 768w\" sizes=\"(max-width: 960px) 100vw, 960px\" \/>\n<img src=\"https:\/\/proizmirses.com.tr\/wp-content\/uploads\/2025\/08\/IMG_5271-scaled.jpg\" title=\"IMG_5271\" alt=\"IMG_5271\" srcset=\"https:\/\/proizmirses.com.tr\/wp-content\/uploads\/2025\/08\/IMG_5271-scaled.jpg 2560w, https:\/\/proizmirses.com.tr\/wp-content\/uploads\/2025\/08\/IMG_5271-300x225.jpg 300w, https:\/\/proizmirses.com.tr\/wp-content\/uploads\/2025\/08\/IMG_5271-1024x768.jpg 1024w, https:\/\/proizmirses.com.tr\/wp-content\/uploads\/2025\/08\/IMG_5271-768x576.jpg 768w, https:\/\/proizmirses.com.tr\/wp-content\/uploads\/2025\/08\/IMG_5271-1536x1152.jpg 1536w, https:\/\/proizmirses.com.tr\/wp-content\/uploads\/2025\/08\/IMG_5271-2048x1536.jpg 2048w\" sizes=\"(max-width: 2560px) 100vw, 2560px\" \/>\n<p>\u00c7al\u0131\u015ft\u0131\u011f\u0131m en rahat firma diyebilirim\u00a0 T\u00fcm sistemlerin kendilerine ait olmas\u0131 i\u015fin en g\u00fczel k\u0131sm\u0131.\u00a0 1 firma ile muhatap oluyorsunuz sadece.<\/p> Ahmet d. <p>Deneyim her \u015feydir.\u00a0 \u00e7ok s\u00f6ze gerek yok. bu \u00f6zel g\u00fcn\u00fcm\u00fczde bizleri doyas\u0131ya e\u011flendiren dj ve ekibine te\u015fekk\u00fcrler....\u00a0<\/p> Tuncay B. <p>Bir dahaki etkinlikte g\u00f6r\u00fc\u015fmek dile\u011fi ile. Umut bey ve Ekibine sonsuz te\u015fekk\u00fcrler<\/p> Ay\u015fe Han\u0131m","_links":{"self":[{"href":"https:\/\/proizmirses.com.tr\/index.php?rest_route=\/wp\/v2\/pages\/20","targetHints":{"allow":["GET"]}}],"collection":[{"href":"https:\/\/proizmirses.com.tr\/index.php?rest_route=\/wp\/v2\/pages"}],"about":[{"href":"https:\/\/proizmirses.com.tr\/index.php?rest_route=\/wp\/v2\/types\/page"}],"author":[{"embeddable":true,"href":"https:\/\/proizmirses.com.tr\/index.php?rest_route=\/wp\/v2\/users\/1"}],"replies":[{"embeddable":true,"href":"https:\/\/proizmirses.com.tr\/index.php?rest_route=%2Fwp%2Fv2%2Fcomments&post=20"}],"version-history":[{"count":73,"href":"https:\/\/proizmirses.com.tr\/index.php?rest_route=\/wp\/v2\/pages\/20\/revisions"}],"predecessor-version":[{"id":332,"href":"https:\/\/proizmirses.com.tr\/index.php?rest_route=\/wp\/v2\/pages\/20\/revisions\/332"}],"wp:attachment":[{"href":"https:\/\/proizmirses.com.tr\/index.php?rest_route=%2Fwp%2Fv2%2Fmedia&parent=20"}],"curies":[{"name":"wp","href":"https:\/\/api.w.org\/{rel}","templated":true}]}}