{"id":101,"date":"2025-08-14T14:39:04","date_gmt":"2025-08-14T11:39:04","guid":{"rendered":"https:\/\/proizmirses.com.tr\/?page_id=101"},"modified":"2026-01-07T09:33:44","modified_gmt":"2026-01-07T06:33:44","slug":"hizmetler","status":"publish","type":"page","link":"https:\/\/proizmirses.com.tr\/?page_id=101","title":{"rendered":"H\u0130ZMETLER\u0130M\u0130Z"},"content":{"rendered":"<!-- wp:themify-builder\/canvas \/-->","protected":false},"excerpt":{"rendered":"","protected":false},"author":1,"featured_media":0,"parent":0,"menu_order":0,"comment_status":"closed","ping_status":"closed","template":"page-template\/custom-home-page.php","meta":{"om_disable_all_campaigns":false,"_monsterinsights_skip_tracking":false,"_monsterinsights_sitenote_active":false,"_monsterinsights_sitenote_note":"","_monsterinsights_sitenote_category":0,"footnotes":""},"class_list":["post-101","page","type-page","status-publish","hentry"],"aioseo_notices":[],"builder_content":"<img src=\"https:\/\/proizmirses.com.tr\/wp-content\/uploads\/2025\/08\/umut3-1024x1024-341x440.jpg\" width=\"341\" height=\"440\" title=\"umut3\" alt=\"umut3\">\n<img src=\"https:\/\/proizmirses.com.tr\/wp-content\/uploads\/2025\/08\/IMG_4857-248x344.jpg\" width=\"248\" height=\"344\" title=\"IMG_4857\" alt=\"IMG_4857\">\n<img src=\"https:\/\/proizmirses.com.tr\/wp-content\/uploads\/2025\/08\/IMG_4855-1-537x1024-232x318.jpg\" width=\"232\" height=\"318\" title=\"IMG_4855\" alt=\"IMG_4855\">\n\n<h2>DJ Kiralama<\/h2> <p>Organizasyon m\u00fczik, misafirlerin kaliteli vakit ge\u00e7irmesi i\u00e7in en \u00f6nemli unsurlardan biridir. Profesyonel ekibizle Dj perfonmans her t\u00fcr etkinlik i\u00e7in uygun m\u00fczikler sa\u011flamaktay\u0131z. \u00d6zel etkinlikleriniz d\u00fc\u011f\u00fcn,ni\u015fan,s\u00fcnnet,okul mezuniyeti,gala geceleri ve e\u011flenceye dahil t\u00fcm organizasyonlar\u0131n\u0131zda hizmetinizdeyiz.<\/p>\n<a href=\"https:\/\/www.instagram.com\/umuttasci\/\"> <em style=\"background-color:#fe7d15;color:#edf3ff\" ><svg aria-hidden=\"true\"><use href=\"#tf-fab-instagram\"><\/use><\/svg><\/em> DJ \u0130nstagram <\/a>\n<h2>LED Ekran<\/h2> <p>Outdoor LED ekran modellerimizle gece ve g\u00fcnd\u00fcz ortamlar\u0131nda rahat\u00e7a g\u00f6r\u00fclebilen, iklim \u015fartlar\u0131ndan etkilenmeyen panellerin birle\u015ftirilmesiyle olu\u015fan, \u00e7e\u015fitli ebatlarda kurulabilen g\u00f6rsel teknoloji d\u00fcnyas\u0131n\u0131n en etkili g\u00f6r\u00fcnt\u00fc sistemleri ile kiralama hizmeti vermekteyiz.<\/p>\n<img src=\"https:\/\/proizmirses.com.tr\/wp-content\/uploads\/2025\/08\/ledekran3-1024x629-248x279.jpg\" width=\"248\" height=\"279\" title=\"ledekran3\" alt=\"ledekran3\">\n<img src=\"https:\/\/proizmirses.com.tr\/wp-content\/uploads\/2025\/08\/ledekran2-310x280.jpg\" width=\"310\" height=\"280\" title=\"ledekran2\" alt=\"ledekran2\">\n<img src=\"https:\/\/proizmirses.com.tr\/wp-content\/uploads\/2025\/08\/ledekran1-248x326.jpg\" width=\"248\" height=\"326\" title=\"ledekran1\" alt=\"ledekran1\">\n<img src=\"https:\/\/proizmirses.com.tr\/wp-content\/uploads\/2025\/08\/ses1-253x355.jpg\" width=\"253\" height=\"355\" title=\"ses1\" alt=\"ses1\">\n<img src=\"https:\/\/proizmirses.com.tr\/wp-content\/uploads\/2025\/08\/IMG_4857-248x284.jpg\" width=\"248\" height=\"284\" title=\"IMG_4857\" alt=\"IMG_4857\">\n<img src=\"https:\/\/proizmirses.com.tr\/wp-content\/uploads\/2025\/08\/IMG_5464-768x1024-248x283.jpg\" width=\"248\" height=\"283\" title=\"IMG_5464\" alt=\"IMG_5464\">\n\n<h2>SES Sistemleri<\/h2> <p>Ses Sistemi Kiralama a\u00e7\u0131l\u0131\u015f Organizasyonlar\u0131nda, Konser Organizasyonlar\u0131nda , \u00f6zel g\u00fcnlerde, d\u00fc\u011f\u00fcnlerde, ramazan etkinliklerinde, y\u0131l d\u00f6n\u00fcmlerinde, do\u011fum g\u00fcnlerinde karaoke partilerinde ve daha bir \u00e7ok etkinlikte ihtiyac\u0131n\u0131z olan ses sistemini en uygun fiyatlarla sizlere kiralamaktay\u0131z.<br>Ses sistemi kiralama g\u00fcnl\u00fck haftal\u0131k ve ayl\u0131k olarak yapabilirsiniz.<br>Haftal\u0131k ve ayl\u0131k kiralamalar i\u00e7in l\u00fctfen fiyat teklifi al\u0131n\u0131z.<br>Ses sistemi bir etkinlik ortam\u0131nda olmazsa olmaz unsurlardan birisidir. Elimizde ses sistemleri bilindik markal\u0131 kaliteli \u00fcr\u00fcnler olup hi\u00e7 bir sorun yaratmamaktad\u0131r.<br>Ses sistemlerinin bak\u0131m\u0131 her i\u015ften sonra d\u00fczenli olarak yap\u0131lmakta ve m\u00fc\u015fteri hi\u00e7bir zaman ma\u011fdur durumda b\u0131rak\u0131lmamaktad\u0131r.<br>Ses sistemini bizler getirdi\u011fimizde istedi\u011finiz saatte gelip kurulumunu yapmakta ve hi\u00e7 bir \u015fekilde aksama olmas\u0131na sebebiyet vermemekteyiz. \u0130zmir ve \u00e7evre illerin T\u00fcm b\u00f6lgelerine ses sistemi kiralama hizmeti vermekteyiz.<br>Uzak mesafeli yerlerde makul bir nakliye bedeli kar\u015f\u0131l\u0131\u011f\u0131 gelip kurulum i\u015flemini ger\u00e7ekle\u015ftirmekteyiz.<br>Bu g\u00fcne kadar bir \u00e7ok firmaya sorunsuz olarak ses sistemi kiralama hizmetini ger\u00e7ekle\u015ftirdik ve yenilenen ses sistemlerimizle kalitemizden \u00f6d\u00fcn vermeden her ge\u00e7en g\u00fcn hizmetimizi geli\u015ftirmekte m\u00fc\u015fterilerimizin beklentilerini kar\u015f\u0131lamaktay\u0131z.\u00a0<\/p>\n<h2>I\u015f\u0131k Sistemi<\/h2> <p>Organizasyonlar\u0131n\u0131z'da ihtiya\u00e7lar\u0131n\u0131za g\u00f6re farkl\u0131 marka ve modelde profesyonel sistemlerimiz ve tecr\u00fcbeli teknisyenlerimizle m\u00fc\u015fterilerimize \u00e7\u00f6z\u00fcm orta\u011f\u0131 olmaktay\u0131z.<br>Profesyonel \u0131\u015f\u0131k sistemi kiralamada konser, d\u00fc\u011f\u00fcn, s\u00fcnnet, ni\u015fan, k\u0131na, a\u00e7\u0131l\u0131\u015f, balo, kokteyl, parti, toplant\u0131, seminer, konferans, miting, bas\u0131n a\u00e7\u0131klamas\u0131, a\u00e7\u0131k hava etkinlikleri, kurumsal etkinlikler, davetler, canl\u0131 m\u00fczik, vb. bir\u00e7ok organizasyonda kaliteli \u0131\u015f\u0131k sistemleri ile organizasyonunuzun i\u00e7eri\u011fine en uygun \u00e7\u00f6z\u00fcmler sunar.<\/p>\n<img src=\"https:\/\/proizmirses.com.tr\/wp-content\/uploads\/2026\/01\/IMG_9334-807x1024-310x437.jpg\" width=\"310\" height=\"437\" title=\"IMG_9334\" alt=\"IMG_9334\">\n<img src=\"https:\/\/proizmirses.com.tr\/wp-content\/uploads\/2025\/08\/isik-310x280.jpg\" width=\"310\" height=\"280\" title=\"\u0131s\u0131k\" alt=\"\u0131s\u0131k\">\n<img src=\"https:\/\/proizmirses.com.tr\/wp-content\/uploads\/2025\/10\/WhatsApp-Image-2025-10-21-at-11.29.54-310x280.jpeg\" width=\"310\" height=\"280\" title=\"WhatsApp Image 2025-10-21 at 11.29.54\" alt=\"WhatsApp Image 2025-10-21 at 11.29.54\">\n<img src=\"https:\/\/proizmirses.com.tr\/wp-content\/uploads\/2025\/08\/ses1-253x355.jpg\" width=\"253\" height=\"355\" title=\"ses1\" alt=\"ses1\">\n<img src=\"https:\/\/proizmirses.com.tr\/wp-content\/uploads\/2025\/08\/sahne-isik-sistemleri-1-248x284.jpg\" width=\"248\" height=\"284\" title=\"sahne-isik-sistemleri\" alt=\"sahne-isik-sistemleri\">\n<img src=\"https:\/\/proizmirses.com.tr\/wp-content\/uploads\/2025\/08\/sahne1-248x254.jpg\" width=\"248\" height=\"254\" title=\"sahne1\" alt=\"sahne1\">\n\n<h2>SAHNE Sistemleri<\/h2> <p>Sahne Dekor Uygulamalar\u0131 G\u00fcn\u00fcm\u00fcz teknolojisine ve estetik anlay\u0131\u015f\u0131na uygun; organizasyon, a\u00e7\u0131l\u0131\u015f, defile, lansman, sinema, televizyon, reklam, g\u00f6steri, t\u00f6ren, karnaval, festival, tiyatro, opera-bale, vb. alanlarda t\u00fcm sahne ve dekor uygulamalar\u0131n\u0131za \u00e7\u00f6z\u00fcm ortakl\u0131\u011f\u0131 yapmaktay\u0131z. pratik \u00e7\u00f6z\u00fcmleri ve estetik uygulamalar\u0131 sayesinde sekt\u00f6rde; kaliteli, h\u0131zl\u0131 ve g\u00fcvenilir bir sisteme sahiptir. -Video mapping uygulamalar, -Watchout sahne, -Hareketli sahne, -Tek ve \u00e7ift perdeli sahneler, -Konkav sahne, Uygulamalar\u0131nda tasar\u0131m ve \u00e7\u00f6z\u00fcm ortakl\u0131\u011f\u0131 hizmetleri veren ProSound hayalinizde ki sahneyi kurmak i\u00e7in yan\u0131n\u0131zda<\/p>\n<h2>LAZER Sistemi<\/h2> <p>Cihazlar\u0131n belirtilen wattlar\u0131 ger\u00e7ek\u0131\u015f\u0131k g\u00fc\u00e7lerine sahiptir. Ye\u015fil, mavi,sar\u0131 ve rgb(full colour) renk se\u00e7enekleri 4 ile 18 watt \u0131\u015f\u0131k g\u00fcc\u00fc aral\u0131\u011f\u0131nda farkl\u0131 model se\u00e7enekleri(lazer \u015fov yap\u0131lacak alan\u0131n m2 ve a\u00e7\u0131k Lazer kiralamalar\u0131n\u0131zda cihaz ile birlikte mekan\u0131n b\u00fcy\u00fckl\u00fc\u011f\u00fcne uygun olarak \u00e7e\u015fitli watt ve ebatlarda sis makineleri getirilir. Kapal\u0131 mekan olu\u015funa ba\u011fl\u0131 olarak farkl\u0131 g\u00fc\u00e7 ve renklerde lazer \u015fov cihaz se\u00e7enekleri ) Lazer \u015fov cihaz\u0131 kiralamalar\u0131n\u0131zda belirlenmi\u015f olan lazer veya lazerler profesyonel teknik ekibimiz taraf\u0131ndan konseptinize uygun grafik,logo,animasyon,yaz\u0131 ve s\u0131n\u0131rs\u0131 efektlerle ger\u00e7ekle\u015ftirilir. T\u00fcm organizasyonlar\u0131n\u0131zdalazer \u015fov c\u0131hazlar\u0131m\u0131z\u0131n pc kontrol , lazer \u0131\u015f\u0131k masas\u0131 ve \u00f6zel lazer yaz\u0131l\u0131m\u0131 ile birlikte kurulumu yap\u0131larak daha net,kesin ve senkronize lazer \u015fovlar\u0131 ger\u00e7ekle\u015ftirilir.<\/p>\n<img src=\"https:\/\/proizmirses.com.tr\/wp-content\/uploads\/2025\/08\/IMG_4858-310x437.jpg\" width=\"310\" height=\"437\" title=\"IMG_4858\" alt=\"IMG_4858\">\n<img src=\"https:\/\/proizmirses.com.tr\/wp-content\/uploads\/2025\/08\/lazer1-310x280.jpg\" width=\"310\" height=\"280\" title=\"lazer1\" alt=\"lazer1\">\n<img src=\"https:\/\/proizmirses.com.tr\/wp-content\/uploads\/2025\/08\/IMG_4733-1024x768-310x280.jpg\" width=\"310\" height=\"280\" title=\"IMG_4733\" alt=\"IMG_4733\">\n<img src=\"https:\/\/proizmirses.com.tr\/wp-content\/uploads\/2025\/08\/ses1-253x355.jpg\" width=\"253\" height=\"355\" title=\"ses1\" alt=\"ses1\">\n<img src=\"https:\/\/proizmirses.com.tr\/wp-content\/uploads\/2025\/08\/okul1-248x284.jpg\" width=\"248\" height=\"284\" title=\"okul1\" alt=\"okul1\">\n<img src=\"https:\/\/proizmirses.com.tr\/wp-content\/uploads\/2025\/08\/okul2-248x254.jpg\" width=\"248\" height=\"254\" title=\"okul2\" alt=\"okul2\">\n\n<h2>OKUL Mezuniyetleri<\/h2> <p>Yaz yakla\u015f\u0131rken sona eren e\u011fitim sezonu, t\u00fcm bir y\u0131l\u0131n yorgunlu\u011funu veya mezuniyetin keyfini beraberinde getirir. Gerek y\u0131l sonu okul etkinlikleri, gerekse okul mezuniyet programlar\u0131n\u0131z i\u00e7in ses, \u0131\u015f\u0131k ve sahne sistemlerinde profesyonel \u00e7\u00f6z\u00fcmler Pro sound organizasyonda<\/p> <p>Y\u0131llar s\u00fcren okul hayat\u0131 ve dostluklar, 1 g\u00fcn\u00fcn sonunda an\u0131lardaki yerini al\u0131r. Bizler o son g\u00fcn\u00fc, mezuniyetin verdi\u011fi co\u015fkuyu, e\u011flence ve organizasyonla birle\u015ftirerek e\u015fsiz bir an\u0131 haline getiriyoruz.<\/p> <p>Organizasyon \u015firketleri i\u00e7in ses, \u0131\u015f\u0131k ve sahne sistemleri kurulumu ile okul mezuniyetleri, y\u0131l sonu partileri ve okullarda y\u0131l sonu programlar\u0131 ses ve \u0131\u015f\u0131k ihtiya\u00e7lar\u0131nda sizinleyiz.<\/p> <p>\u0130zmir okul mezuniyetleri, y\u0131l sonu etkinlikleri i\u00e7in bizi aramadan karar vermeyin. Ekibimizle tan\u0131\u015fmak, ses ve \u0131\u015f\u0131k sistemlerinin size nas\u0131l bir de\u011fer kataca\u011f\u0131n\u0131 \u00f6\u011frenmek i\u00e7in bize ula\u015f\u0131n,<\/p>\n<h2>DAVET ve A\u00c7ILI\u015e<\/h2> <p>Bir i\u015fyerinin sayg\u0131nl\u0131k kazanabilmesi i\u00e7in \u00fcr\u00fcn ve hizmetlerinde kusursuz sonu\u00e7 sunmas\u0131 gerekir. Ma\u011fazan\u0131z\u0131n m\u00fc\u015fterilerinize tan\u0131t\u0131lmas\u0131nda ilk etken ise a\u00e7\u0131l\u0131\u015flard\u0131r. Sizin varl\u0131\u011f\u0131n\u0131zdan ve hangi noktada hizmet verece\u011finiz konusunda m\u00fc\u015fterilere bilin\u00e7 kazand\u0131rmak \u015fartt\u0131r.<\/p> <p>Bu noktada her ma\u011faza i\u00e7in a\u00e7\u0131l\u0131\u015f d\u00fczenlemek \u00f6nemli bir tan\u0131t\u0131m arac\u0131d\u0131r. Ma\u011faza a\u00e7\u0131l\u0131\u015f organizasyonlar\u0131 i\u00e7in ses, \u0131\u015f\u0131k ve sahne sistemleri \u00e7\u00f6z\u00fcmlerinde prosund m\u00fczik, y\u0131llar\u0131n deneyimini m\u00fc\u015fterilerine ve ajanslara sunmaktad\u0131r.<\/p> <p>Davet etkinlikleri \u00e7o\u011fu zaman y\u00fcksek ses ve \u0131\u015f\u0131k d\u00fczeni gerektiren programlard\u0131r. Davetleriniz i\u00e7in ses ve \u0131\u015f\u0131k sistemleri kiralama ve servis hizmetlerinde prosound m\u00fczik ile g\u00f6z\u00fcn\u00fcz arkada kalmayacak.<\/p>\n<img src=\"https:\/\/proizmirses.com.tr\/wp-content\/uploads\/2025\/08\/davet2-1024x577-310x437.jpg\" width=\"310\" height=\"437\" title=\"davet2\" alt=\"davet2\">\n<img src=\"https:\/\/proizmirses.com.tr\/wp-content\/uploads\/2025\/08\/davet1-310x280.jpg\" width=\"310\" height=\"280\" title=\"davet1\" alt=\"davet1\">\n<img src=\"https:\/\/proizmirses.com.tr\/wp-content\/uploads\/2025\/08\/IMG_4733-1024x768-310x280.jpg\" width=\"310\" height=\"280\" title=\"IMG_4733\" alt=\"IMG_4733\">","_links":{"self":[{"href":"https:\/\/proizmirses.com.tr\/index.php?rest_route=\/wp\/v2\/pages\/101","targetHints":{"allow":["GET"]}}],"collection":[{"href":"https:\/\/proizmirses.com.tr\/index.php?rest_route=\/wp\/v2\/pages"}],"about":[{"href":"https:\/\/proizmirses.com.tr\/index.php?rest_route=\/wp\/v2\/types\/page"}],"author":[{"embeddable":true,"href":"https:\/\/proizmirses.com.tr\/index.php?rest_route=\/wp\/v2\/users\/1"}],"replies":[{"embeddable":true,"href":"https:\/\/proizmirses.com.tr\/index.php?rest_route=%2Fwp%2Fv2%2Fcomments&post=101"}],"version-history":[{"count":84,"href":"https:\/\/proizmirses.com.tr\/index.php?rest_route=\/wp\/v2\/pages\/101\/revisions"}],"predecessor-version":[{"id":339,"href":"https:\/\/proizmirses.com.tr\/index.php?rest_route=\/wp\/v2\/pages\/101\/revisions\/339"}],"wp:attachment":[{"href":"https:\/\/proizmirses.com.tr\/index.php?rest_route=%2Fwp%2Fv2%2Fmedia&parent=101"}],"curies":[{"name":"wp","href":"https:\/\/api.w.org\/{rel}","templated":true}]}}